{"id":71,"date":"2024-02-14T14:12:13","date_gmt":"2024-02-14T14:12:13","guid":{"rendered":"https:\/\/sociedadcroataantofagasta.cl\/?page_id=71"},"modified":"2024-03-12T20:54:42","modified_gmt":"2024-03-12T20:54:42","slug":"contacto","status":"publish","type":"page","link":"https:\/\/sociedadcroataantofagasta.cl\/index.php\/contacto\/","title":{"rendered":"Contacto"},"content":{"rendered":"<p>[et_pb_section fb_built=\u00bb1&#8243; specialty=\u00bbon\u00bb padding_top_bottom_link_1=\u00bbfalse\u00bb admin_label=\u00bbHeader\u00bb _builder_version=\u00bb4.24.0&#8243; background_color=\u00bb#f7f9fa\u00bb min_height=\u00bb561px\u00bb custom_padding=\u00bb||||false|false\u00bb bottom_divider_height=\u00bb16vw\u00bb locked=\u00bboff\u00bb global_colors_info=\u00bb{}\u00bb][et_pb_column type=\u00bb1_2&#8243; specialty_columns=\u00bb2&#8243; _builder_version=\u00bb4.16&#8243; custom_padding=\u00bb|||\u00bb global_colors_info=\u00bb{}\u00bb custom_padding__hover=\u00bb|||\u00bb][et_pb_row_inner _builder_version=\u00bb4.16&#8243; global_colors_info=\u00bb{}\u00bb][et_pb_column_inner saved_specialty_column_type=\u00bb1_2&#8243; _builder_version=\u00bb4.16&#8243; custom_padding=\u00bb50px||||false|false\u00bb custom_padding_tablet=\u00bb0px||||false|false\u00bb custom_padding_phone=\u00bb\u00bb custom_padding_last_edited=\u00bbon|tablet\u00bb global_colors_info=\u00bb{}\u00bb][et_pb_text _builder_version=\u00bb4.24.0&#8243; text_font=\u00bbPT Sans||||||||\u00bb text_font_size=\u00bb16px\u00bb text_line_height=\u00bb1.8em\u00bb header_font=\u00bbPlayfair Display|700|||||||\u00bb header_font_size=\u00bb48px\u00bb header_line_height=\u00bb1.1em\u00bb header_font_size_tablet=\u00bb40px\u00bb header_font_size_phone=\u00bb30px\u00bb header_font_size_last_edited=\u00bbon|phone\u00bb global_colors_info=\u00bb{}\u00bb]<\/p>\n<h1>Cont\u00e1ctanos<\/h1>\n<p><span style=\"font-weight: 400;\">Para cualquier consulta o comentario de alg\u00fan tema relacionado con la Sociedad Croata SSMM de Antofagasta, puede ponerse en contacto a trav\u00e9s del siguiente formulario.<\/span><\/p>\n<p>[\/et_pb_text][\/et_pb_column_inner][\/et_pb_row_inner][et_pb_row_inner _builder_version=\u00bb4.16&#8243; global_colors_info=\u00bb{}\u00bb][et_pb_column_inner saved_specialty_column_type=\u00bb1_2&#8243; _builder_version=\u00bb4.16&#8243; global_colors_info=\u00bb{}\u00bb][et_pb_blurb title=\u00bbDirecci\u00f3n\u00bb use_icon=\u00bbon\u00bb font_icon=\u00bb&#xe081;||divi||400&#8243; icon_color=\u00bb#ffffff\u00bb image_icon_background_color=\u00bb#D90416&#8243; icon_placement=\u00bbleft\u00bb image_icon_width=\u00bb16px\u00bb _builder_version=\u00bb4.24.2&#8243; header_font=\u00bbPT Sans|700||on|||||\u00bb header_text_color=\u00bb#62748a\u00bb header_font_size=\u00bb12px\u00bb body_font=\u00bbPT Sans||||||||\u00bb body_text_color=\u00bb#2a3749&#8243; body_font_size=\u00bb16px\u00bb image_icon_custom_padding=\u00bb8px|8px|8px|8px|false|false\u00bb hover_enabled=\u00bb0&#8243; border_radii_image=\u00bbon|100%|100%|100%|100%\u00bb use_circle=\u00bbon\u00bb circle_color=\u00bb#007AFF\u00bb locked=\u00bboff\u00bb global_colors_info=\u00bb{}\u00bb image_icon_background_color__sticky_enabled=\u00bb#7EBEC5&#8243; image_icon_background_color__sticky=\u00bb#7EBEC5&#8243; sticky_enabled=\u00bb0&#8243;]<\/p>\n<p><a href=\"#mapa\"><span>Cap. Carlos Condell 2651, Antofagasta<\/span><\/a><\/p>\n<p>[\/et_pb_blurb][et_pb_blurb title=\u00bbEmail\u00bb use_icon=\u00bbon\u00bb font_icon=\u00bb&#xe076;||divi||400&#8243; icon_color=\u00bb#ffffff\u00bb image_icon_background_color=\u00bb#D90416&#8243; icon_placement=\u00bbleft\u00bb image_icon_width=\u00bb16px\u00bb _builder_version=\u00bb4.24.2&#8243; header_font=\u00bbPT Sans|700||on|||||\u00bb header_text_color=\u00bb#62748a\u00bb header_font_size=\u00bb12px\u00bb body_font=\u00bbPT Sans||||||||\u00bb body_text_color=\u00bb#2a3749&#8243; body_font_size=\u00bb16px\u00bb image_icon_custom_padding=\u00bb8px|8px|8px|8px|false|false\u00bb hover_enabled=\u00bb0&#8243; border_radii_image=\u00bbon|100%|100%|100%|100%\u00bb use_circle=\u00bbon\u00bb circle_color=\u00bb#007AFF\u00bb locked=\u00bboff\u00bb global_colors_info=\u00bb{}\u00bb image_icon_background_color__sticky_enabled=\u00bb#7EBEC5&#8243; image_icon_background_color__sticky=\u00bb#7EBEC5&#8243; sticky_enabled=\u00bb0&#8243;]<\/p>\n<p><a href=\"mailto:secretaria@sociedadcroataantofagasta.cl\">secretaria@sociedadcroataantofagasta.cl<\/a><\/p>\n<p>[\/et_pb_blurb][et_pb_blurb title=\u00bbTel\u00e9fono\u00bb use_icon=\u00bbon\u00bb font_icon=\u00bb&#xe090;||divi||400&#8243; icon_color=\u00bb#ffffff\u00bb image_icon_background_color=\u00bb#D90416&#8243; icon_placement=\u00bbleft\u00bb image_icon_width=\u00bb16px\u00bb _builder_version=\u00bb4.24.0&#8243; header_font=\u00bbPT Sans|700||on|||||\u00bb header_text_color=\u00bb#62748a\u00bb header_font_size=\u00bb12px\u00bb body_font=\u00bbPT Sans||||||||\u00bb body_text_color=\u00bb#2a3749&#8243; body_font_size=\u00bb16px\u00bb image_icon_custom_padding=\u00bb8px|8px|8px|8px|false|false\u00bb border_radii_image=\u00bbon|100%|100%|100%|100%\u00bb use_circle=\u00bbon\u00bb circle_color=\u00bb#007AFF\u00bb global_colors_info=\u00bb{}\u00bb image_icon_background_color__sticky_enabled=\u00bb#7EBEC5&#8243; image_icon_background_color__sticky=\u00bb#7EBEC5&#8243;]<\/p>\n<p><span style=\"font-weight: 400;\">55 237 5367 \/ <\/span><span style=\"font-weight: 400;\">+56 9 3962 5139<\/span><\/p>\n<p>[\/et_pb_blurb][\/et_pb_column_inner][\/et_pb_row_inner][\/et_pb_column][et_pb_column type=\u00bb1_2&#8243; _builder_version=\u00bb4.16&#8243; custom_padding=\u00bb|||\u00bb global_colors_info=\u00bb{}\u00bb custom_padding__hover=\u00bb|||\u00bb][et_pb_image src=\u00bbhttps:\/\/sociedadcroataantofagasta.cl\/wp-content\/uploads\/2024\/02\/red-squares.png\u00bb title_text=\u00bbred-squares\u00bb _builder_version=\u00bb4.24.0&#8243; positioning=\u00bbabsolute\u00bb vertical_offset=\u00bb-10px\u00bb horizontal_offset=\u00bb-115px\u00bb z_index=\u00bb1&#8243; vertical_offset_tablet=\u00bb-60px\u00bb vertical_offset_phone=\u00bb\u00bb vertical_offset_last_edited=\u00bbon|phone\u00bb width=\u00bb24%\u00bb custom_margin=\u00bb|||30px|false|false\u00bb global_colors_info=\u00bb{}\u00bb][\/et_pb_image][et_pb_contact_form captcha=\u00bboff\u00bb email=\u00bbsecretaria@sociedadcroataantofagasta.cl\u00bb custom_message=\u00bbNombre: %%nombre%%||et_pb_line_break_holder||Email: %%email%%||et_pb_line_break_holder||Mensaje: %%mensaje%%\u00bb success_message=\u00bbGracias. Te responderemos a la brevedad.\u00bb submit_button_text=\u00bbEnviar\u00bb module_id=\u00bbet_pb_contact_form_0&#8243; _builder_version=\u00bb4.24.0&#8243; form_field_background_color=\u00bbrgba(98,116,138,0.08)\u00bb form_field_text_color=\u00bb#62748a\u00bb form_field_focus_text_color=\u00bb#2a3749&#8243; form_field_custom_margin=\u00bb||30px\u00bb title_font=\u00bbMontserrat|700||on|||||\u00bb title_font_size=\u00bb15px\u00bb title_letter_spacing=\u00bb2px\u00bb title_line_height=\u00bb1.4em\u00bb form_field_font=\u00bbPT Sans||||||||\u00bb form_field_font_size=\u00bb15px\u00bb background_color=\u00bb#ffffff\u00bb custom_button=\u00bbon\u00bb button_text_size=\u00bb14px\u00bb button_text_color=\u00bb#ffffff\u00bb button_bg_color=\u00bb#EF3B24&#8243; button_border_width=\u00bb0px\u00bb button_border_radius=\u00bb0px\u00bb button_letter_spacing=\u00bb1px\u00bb button_font=\u00bbRubik|700||on|||||\u00bb button_use_icon=\u00bboff\u00bb button_custom_padding=\u00bb15px|50px|15px|50px|true|true\u00bb custom_padding=\u00bb40px|40px|40px|40px|true|true\u00bb border_radii=\u00bbon|5px|5px|5px|5px\u00bb box_shadow_style_button=\u00bbpreset3&#8243; box_shadow_blur_button=\u00bb28px\u00bb box_shadow_spread_button=\u00bb-10px\u00bb box_shadow_color_button=\u00bbrgba(21,36,53,0.3)\u00bb locked=\u00bboff\u00bb global_colors_info=\u00bb{}\u00bb][et_pb_contact_field field_id=\u00bbnombre\u00bb field_title=\u00bbNombre\u00bb fullwidth_field=\u00bbon\u00bb _builder_version=\u00bb4.24.0&#8243; global_colors_info=\u00bb{}\u00bb button_text_size__hover_enabled=\u00bboff\u00bb button_one_text_size__hover_enabled=\u00bboff\u00bb button_two_text_size__hover_enabled=\u00bboff\u00bb button_text_color__hover_enabled=\u00bboff\u00bb button_one_text_color__hover_enabled=\u00bboff\u00bb button_two_text_color__hover_enabled=\u00bboff\u00bb button_border_width__hover_enabled=\u00bboff\u00bb button_one_border_width__hover_enabled=\u00bboff\u00bb button_two_border_width__hover_enabled=\u00bboff\u00bb button_border_color__hover_enabled=\u00bboff\u00bb button_one_border_color__hover_enabled=\u00bboff\u00bb button_two_border_color__hover_enabled=\u00bboff\u00bb button_border_radius__hover_enabled=\u00bboff\u00bb button_one_border_radius__hover_enabled=\u00bboff\u00bb button_two_border_radius__hover_enabled=\u00bboff\u00bb button_letter_spacing__hover_enabled=\u00bboff\u00bb button_one_letter_spacing__hover_enabled=\u00bboff\u00bb button_two_letter_spacing__hover_enabled=\u00bboff\u00bb button_bg_color__hover_enabled=\u00bboff\u00bb button_one_bg_color__hover_enabled=\u00bboff\u00bb button_two_bg_color__hover_enabled=\u00bboff\u00bb][\/et_pb_contact_field][et_pb_contact_field field_id=\u00bbemail\u00bb field_title=\u00bbEmail\u00bb field_type=\u00bbemail\u00bb fullwidth_field=\u00bbon\u00bb _builder_version=\u00bb4.24.0&#8243; global_colors_info=\u00bb{}\u00bb button_text_size__hover_enabled=\u00bboff\u00bb button_one_text_size__hover_enabled=\u00bboff\u00bb button_two_text_size__hover_enabled=\u00bboff\u00bb button_text_color__hover_enabled=\u00bboff\u00bb button_one_text_color__hover_enabled=\u00bboff\u00bb button_two_text_color__hover_enabled=\u00bboff\u00bb button_border_width__hover_enabled=\u00bboff\u00bb button_one_border_width__hover_enabled=\u00bboff\u00bb button_two_border_width__hover_enabled=\u00bboff\u00bb button_border_color__hover_enabled=\u00bboff\u00bb button_one_border_color__hover_enabled=\u00bboff\u00bb button_two_border_color__hover_enabled=\u00bboff\u00bb button_border_radius__hover_enabled=\u00bboff\u00bb button_one_border_radius__hover_enabled=\u00bboff\u00bb button_two_border_radius__hover_enabled=\u00bboff\u00bb button_letter_spacing__hover_enabled=\u00bboff\u00bb button_one_letter_spacing__hover_enabled=\u00bboff\u00bb button_two_letter_spacing__hover_enabled=\u00bboff\u00bb button_bg_color__hover_enabled=\u00bboff\u00bb button_one_bg_color__hover_enabled=\u00bboff\u00bb button_two_bg_color__hover_enabled=\u00bboff\u00bb][\/et_pb_contact_field][et_pb_contact_field field_id=\u00bbmensaje\u00bb field_title=\u00bbMensaje\u00bb field_type=\u00bbtext\u00bb fullwidth_field=\u00bbon\u00bb _builder_version=\u00bb4.24.0&#8243; global_colors_info=\u00bb{}\u00bb button_text_size__hover_enabled=\u00bboff\u00bb button_one_text_size__hover_enabled=\u00bboff\u00bb button_two_text_size__hover_enabled=\u00bboff\u00bb button_text_color__hover_enabled=\u00bboff\u00bb button_one_text_color__hover_enabled=\u00bboff\u00bb button_two_text_color__hover_enabled=\u00bboff\u00bb button_border_width__hover_enabled=\u00bboff\u00bb button_one_border_width__hover_enabled=\u00bboff\u00bb button_two_border_width__hover_enabled=\u00bboff\u00bb button_border_color__hover_enabled=\u00bboff\u00bb button_one_border_color__hover_enabled=\u00bboff\u00bb button_two_border_color__hover_enabled=\u00bboff\u00bb button_border_radius__hover_enabled=\u00bboff\u00bb button_one_border_radius__hover_enabled=\u00bboff\u00bb button_two_border_radius__hover_enabled=\u00bboff\u00bb button_letter_spacing__hover_enabled=\u00bboff\u00bb button_one_letter_spacing__hover_enabled=\u00bboff\u00bb button_two_letter_spacing__hover_enabled=\u00bboff\u00bb button_bg_color__hover_enabled=\u00bboff\u00bb button_one_bg_color__hover_enabled=\u00bboff\u00bb button_two_bg_color__hover_enabled=\u00bboff\u00bb][\/et_pb_contact_field][\/et_pb_contact_form][\/et_pb_column][\/et_pb_section][et_pb_section fb_built=\u00bb1&#8243; fullwidth=\u00bbon\u00bb _builder_version=\u00bb4.24.2&#8243; _module_preset=\u00bbdefault\u00bb hover_enabled=\u00bb0&#8243; global_colors_info=\u00bb{}\u00bb module_id=\u00bbmapa\u00bb sticky_enabled=\u00bb0&#8243;][et_pb_fullwidth_code _builder_version=\u00bb4.24.0&#8243; _module_preset=\u00bbdefault\u00bb global_colors_info=\u00bb{}\u00bb]<iframe src=\"https:\/\/www.google.com\/maps\/embed?pb=!1m18!1m12!1m3!1d3654.7748097549725!2d-70.39883838909837!3d-23.648234364700937!2m3!1f0!2f0!3f0!3m2!1i1024!2i768!4f13.1!3m3!1m2!1s0x96afd51782e0b1d5%3A0x8b56b01b407c1848!2sCap.%20Carlos%20Condell%202651%2C%201271504%20Antofagasta%2C%20Chile!5e0!3m2!1sen!2sus!4v1708960259628!5m2!1sen!2sus\" width=\"100%\" height=\"450\" style=\"border:0;\" allowfullscreen=\"\" loading=\"lazy\" referrerpolicy=\"no-referrer-when-downgrade\"><\/iframe>[\/et_pb_fullwidth_code][\/et_pb_section]<\/p>\n","protected":false},"excerpt":{"rendered":"<p>Cont\u00e1ctanos Para cualquier consulta o comentario de alg\u00fan tema relacionado con la Sociedad Croata SSMM de Antofagasta, puede ponerse en contacto a trav\u00e9s del siguiente formulario.Cap. Carlos Condell 2651, Antofagastasecretaria@sociedadcroataantofagasta.cl55 237 5367 \/ +56 9 3962 5139<\/p>\n","protected":false},"author":1,"featured_media":0,"parent":0,"menu_order":0,"comment_status":"closed","ping_status":"closed","template":"","meta":{"_et_pb_use_builder":"on","_et_pb_old_content":"","_et_gb_content_width":"","footnotes":""},"class_list":["post-71","page","type-page","status-publish","hentry"],"yoast_head":"<!-- This site is optimized with the Yoast SEO plugin v22.3 - https:\/\/yoast.com\/wordpress\/plugins\/seo\/ -->\n<title>Contacto - Sociedad Croata Antofagasta<\/title>\n<meta name=\"robots\" content=\"index, follow, max-snippet:-1, max-image-preview:large, max-video-preview:-1\" \/>\n<link rel=\"canonical\" href=\"https:\/\/sociedadcroataantofagasta.cl\/index.php\/contacto\/\" \/>\n<meta property=\"og:locale\" content=\"es_ES\" \/>\n<meta property=\"og:type\" content=\"article\" \/>\n<meta property=\"og:title\" content=\"Contacto - Sociedad Croata Antofagasta\" \/>\n<meta property=\"og:description\" content=\"Cont\u00e1ctanos Para cualquier consulta o comentario de alg\u00fan tema relacionado con la Sociedad Croata SSMM de Antofagasta, puede ponerse en contacto a trav\u00e9s del siguiente formulario.Cap. Carlos Condell 2651, Antofagastasecretaria@sociedadcroataantofagasta.cl55 237 5367 \/ +56 9 3962 5139\" \/>\n<meta property=\"og:url\" content=\"https:\/\/sociedadcroataantofagasta.cl\/index.php\/contacto\/\" \/>\n<meta property=\"og:site_name\" content=\"Sociedad Croata Antofagasta\" \/>\n<meta property=\"article:modified_time\" content=\"2024-03-12T20:54:42+00:00\" \/>\n<meta name=\"twitter:card\" content=\"summary_large_image\" \/>\n<script type=\"application\/ld+json\" class=\"yoast-schema-graph\">{\"@context\":\"https:\/\/schema.org\",\"@graph\":[{\"@type\":\"WebPage\",\"@id\":\"https:\/\/sociedadcroataantofagasta.cl\/index.php\/contacto\/\",\"url\":\"https:\/\/sociedadcroataantofagasta.cl\/index.php\/contacto\/\",\"name\":\"Contacto - Sociedad Croata Antofagasta\",\"isPartOf\":{\"@id\":\"https:\/\/sociedadcroataantofagasta.cl\/#website\"},\"datePublished\":\"2024-02-14T14:12:13+00:00\",\"dateModified\":\"2024-03-12T20:54:42+00:00\",\"inLanguage\":\"es\",\"potentialAction\":[{\"@type\":\"ReadAction\",\"target\":[\"https:\/\/sociedadcroataantofagasta.cl\/index.php\/contacto\/\"]}]},{\"@type\":\"WebSite\",\"@id\":\"https:\/\/sociedadcroataantofagasta.cl\/#website\",\"url\":\"https:\/\/sociedadcroataantofagasta.cl\/\",\"name\":\"Sociedad Croata Antofagasta\",\"description\":\"Preservaci\u00f3n de las costumbres, tradiciones y cultura Croata\",\"potentialAction\":[{\"@type\":\"SearchAction\",\"target\":{\"@type\":\"EntryPoint\",\"urlTemplate\":\"https:\/\/sociedadcroataantofagasta.cl\/?s={search_term_string}\"},\"query-input\":\"required name=search_term_string\"}],\"inLanguage\":\"es\"}]}<\/script>\n<!-- \/ Yoast SEO plugin. -->","yoast_head_json":{"title":"Contacto - Sociedad Croata Antofagasta","robots":{"index":"index","follow":"follow","max-snippet":"max-snippet:-1","max-image-preview":"max-image-preview:large","max-video-preview":"max-video-preview:-1"},"canonical":"https:\/\/sociedadcroataantofagasta.cl\/index.php\/contacto\/","og_locale":"es_ES","og_type":"article","og_title":"Contacto - Sociedad Croata Antofagasta","og_description":"Cont\u00e1ctanos Para cualquier consulta o comentario de alg\u00fan tema relacionado con la Sociedad Croata SSMM de Antofagasta, puede ponerse en contacto a trav\u00e9s del siguiente formulario.Cap. Carlos Condell 2651, Antofagastasecretaria@sociedadcroataantofagasta.cl55 237 5367 \/ +56 9 3962 5139","og_url":"https:\/\/sociedadcroataantofagasta.cl\/index.php\/contacto\/","og_site_name":"Sociedad Croata Antofagasta","article_modified_time":"2024-03-12T20:54:42+00:00","twitter_card":"summary_large_image","schema":{"@context":"https:\/\/schema.org","@graph":[{"@type":"WebPage","@id":"https:\/\/sociedadcroataantofagasta.cl\/index.php\/contacto\/","url":"https:\/\/sociedadcroataantofagasta.cl\/index.php\/contacto\/","name":"Contacto - Sociedad Croata Antofagasta","isPartOf":{"@id":"https:\/\/sociedadcroataantofagasta.cl\/#website"},"datePublished":"2024-02-14T14:12:13+00:00","dateModified":"2024-03-12T20:54:42+00:00","inLanguage":"es","potentialAction":[{"@type":"ReadAction","target":["https:\/\/sociedadcroataantofagasta.cl\/index.php\/contacto\/"]}]},{"@type":"WebSite","@id":"https:\/\/sociedadcroataantofagasta.cl\/#website","url":"https:\/\/sociedadcroataantofagasta.cl\/","name":"Sociedad Croata Antofagasta","description":"Preservaci\u00f3n de las costumbres, tradiciones y cultura Croata","potentialAction":[{"@type":"SearchAction","target":{"@type":"EntryPoint","urlTemplate":"https:\/\/sociedadcroataantofagasta.cl\/?s={search_term_string}"},"query-input":"required name=search_term_string"}],"inLanguage":"es"}]}},"_links":{"self":[{"href":"https:\/\/sociedadcroataantofagasta.cl\/index.php\/wp-json\/wp\/v2\/pages\/71","targetHints":{"allow":["GET"]}}],"collection":[{"href":"https:\/\/sociedadcroataantofagasta.cl\/index.php\/wp-json\/wp\/v2\/pages"}],"about":[{"href":"https:\/\/sociedadcroataantofagasta.cl\/index.php\/wp-json\/wp\/v2\/types\/page"}],"author":[{"embeddable":true,"href":"https:\/\/sociedadcroataantofagasta.cl\/index.php\/wp-json\/wp\/v2\/users\/1"}],"replies":[{"embeddable":true,"href":"https:\/\/sociedadcroataantofagasta.cl\/index.php\/wp-json\/wp\/v2\/comments?post=71"}],"version-history":[{"count":16,"href":"https:\/\/sociedadcroataantofagasta.cl\/index.php\/wp-json\/wp\/v2\/pages\/71\/revisions"}],"predecessor-version":[{"id":633,"href":"https:\/\/sociedadcroataantofagasta.cl\/index.php\/wp-json\/wp\/v2\/pages\/71\/revisions\/633"}],"wp:attachment":[{"href":"https:\/\/sociedadcroataantofagasta.cl\/index.php\/wp-json\/wp\/v2\/media?parent=71"}],"curies":[{"name":"wp","href":"https:\/\/api.w.org\/{rel}","templated":true}]}}