{"id":101,"date":"2024-02-14T14:35:52","date_gmt":"2024-02-14T14:35:52","guid":{"rendered":"https:\/\/sociedadcroataantofagasta.cl\/?page_id=101"},"modified":"2024-04-11T22:26:00","modified_gmt":"2024-04-11T22:26:00","slug":"agrupaciones","status":"publish","type":"page","link":"https:\/\/sociedadcroataantofagasta.cl\/index.php\/agrupaciones\/","title":{"rendered":"Agrupaciones"},"content":{"rendered":"<p>[et_pb_section fb_built=\u00bb1&#8243; admin_label=\u00bbHeader\u00bb _builder_version=\u00bb4.24.0&#8243; background_image=\u00bbhttps:\/\/sociedadcroataantofagasta.cl\/wp-content\/uploads\/2024\/02\/header-agrupaciones.jpg\u00bb parallax=\u00bbon\u00bb custom_margin=\u00bb|||\u00bb custom_padding=\u00bb12vw|0px|6vw|0px|false|false\u00bb global_colors_info=\u00bb{}\u00bb][\/et_pb_section][et_pb_section fb_built=\u00bb1&#8243; _builder_version=\u00bb4.24.0&#8243; _module_preset=\u00bbdefault\u00bb global_colors_info=\u00bb{}\u00bb][et_pb_row _builder_version=\u00bb4.24.0&#8243; _module_preset=\u00bbdefault\u00bb custom_margin=\u00bb0px||||false|false\u00bb custom_padding=\u00bb0px||||false|false\u00bb global_colors_info=\u00bb{}\u00bb][et_pb_column type=\u00bb4_4&#8243; _builder_version=\u00bb4.24.0&#8243; _module_preset=\u00bbdefault\u00bb global_colors_info=\u00bb{}\u00bb][et_pb_text _builder_version=\u00bb4.24.0&#8243; text_font=\u00bb||||||||\u00bb ul_font=\u00bb||||||||\u00bb ol_font=\u00bb||||||||\u00bb header_font=\u00bbPlayfair Display|700|||||||\u00bb header_font_size=\u00bb48px\u00bb header_line_height=\u00bb1.5em\u00bb header_2_font=\u00bb||||||||\u00bb header_3_font=\u00bbRubik|500||on|||||\u00bb header_3_text_color=\u00bb#3F7EA6&#8243; header_3_font_size=\u00bb14px\u00bb header_3_letter_spacing=\u00bb2px\u00bb header_3_line_height=\u00bb2em\u00bb header_4_font=\u00bb||||||||\u00bb header_5_font=\u00bb||||||||\u00bb header_6_font=\u00bb||||||||\u00bb header_font_size_tablet=\u00bb38px\u00bb header_font_size_phone=\u00bb28px\u00bb header_font_size_last_edited=\u00bbon|phone\u00bb locked=\u00bboff\u00bb global_colors_info=\u00bb{}\u00bb]<\/p>\n<h3>Nuestras<\/h3>\n<h1 class=\"text-align-center\">Agrupaciones<\/h1>\n<p>[\/et_pb_text][et_pb_divider color=\u00bb#3F7EA6&#8243; divider_weight=\u00bb4px\u00bb _builder_version=\u00bb4.24.0&#8243; max_width=\u00bb140px\u00bb height=\u00bb4px\u00bb locked=\u00bboff\u00bb global_colors_info=\u00bb{}\u00bb][\/et_pb_divider][\/et_pb_column][\/et_pb_row][\/et_pb_section][et_pb_section fb_built=\u00bb1&#8243; specialty=\u00bbon\u00bb admin_label=\u00bbServices\u00bb _builder_version=\u00bb4.16&#8243; global_colors_info=\u00bb{}\u00bb][et_pb_column type=\u00bb1_2&#8243; _builder_version=\u00bb4.16&#8243; custom_padding=\u00bb|||\u00bb global_colors_info=\u00bb{}\u00bb custom_padding__hover=\u00bb|||\u00bb][et_pb_image src=\u00bbhttps:\/\/sociedadcroataantofagasta.cl\/wp-content\/uploads\/2024\/02\/lastavice-kosovka-djevojka.jpg\u00bb title_text=\u00bblastavice-kosovka-djevojka\u00bb _builder_version=\u00bb4.24.2&#8243; _module_preset=\u00bbdefault\u00bb transform_scale=\u00bb110%|110%\u00bb transform_translate=\u00bb-86px|0px\u00bb width=\u00bb55%\u00bb width_tablet=\u00bb50%\u00bb width_phone=\u00bb60%\u00bb width_last_edited=\u00bbon|phone\u00bb custom_margin=\u00bb||||false|false\u00bb scroll_vertical_motion=\u00bb0|50|50|100|1|0|-1&#8243; motion_trigger_start=\u00bbbottom\u00bb box_shadow_style=\u00bbpreset1&#8243; box_shadow_color=\u00bbrgba(0,0,0,0.1)\u00bb global_colors_info=\u00bb{}\u00bb][\/et_pb_image][et_pb_image src=\u00bbhttps:\/\/sociedadcroataantofagasta.cl\/wp-content\/uploads\/2024\/02\/damas-croatas-f-posterior.jpg\u00bb alt=\u00bbDamas Croatas\u00bb title_text=\u00bbDamas Croatas\u00bb _builder_version=\u00bb4.24.2&#8243; _module_preset=\u00bbdefault\u00bb transform_translate=\u00bb7px|-201px\u00bb width=\u00bb80%\u00bb module_alignment=\u00bbright\u00bb custom_margin=\u00bb||||false|false\u00bb scroll_vertical_motion=\u00bb0|50|50|100|1|0|-1&#8243; box_shadow_style=\u00bbpreset1&#8243; box_shadow_color=\u00bbrgba(0,0,0,0.1)\u00bb global_colors_info=\u00bb{}\u00bb][\/et_pb_image][et_pb_image src=\u00bbhttps:\/\/sociedadcroataantofagasta.cl\/wp-content\/uploads\/2024\/04\/agrupacion-grupolastavice.jpg\u00bb alt=\u00bbAgrupaci\u00f3n Grupo Lastavice\u00bb title_text=\u00bbagrupacion-grupolastavice\u00bb _builder_version=\u00bb4.24.2&#8243; _module_preset=\u00bbdefault\u00bb transform_translate=\u00bb-50px|-276px\u00bb global_colors_info=\u00bb{}\u00bb][\/et_pb_image][et_pb_image src=\u00bbhttps:\/\/sociedadcroataantofagasta.cl\/wp-content\/uploads\/2024\/02\/logo-lastavice.jpg\u00bb title_text=\u00bbLogo Lastavice\u00bb align=\u00bbright\u00bb _builder_version=\u00bb4.24.2&#8243; _module_preset=\u00bbdefault\u00bb transform_translate=\u00bb-24px|-400px\u00bb width=\u00bb32%\u00bb width_tablet=\u00bb32%\u00bb width_phone=\u00bb30%\u00bb width_last_edited=\u00bbon|phone\u00bb custom_margin=\u00bb||-380px||false|false\u00bb custom_margin_tablet=\u00bb||-380px||false|false\u00bb custom_margin_phone=\u00bb||-400px||false|false\u00bb custom_margin_last_edited=\u00bbon|phone\u00bb scroll_vertical_motion=\u00bb0|50|50|100|1|0|-1&#8243; global_colors_info=\u00bb{}\u00bb][\/et_pb_image][\/et_pb_column][et_pb_column type=\u00bb1_2&#8243; specialty_columns=\u00bb2&#8243; _builder_version=\u00bb4.16&#8243; custom_padding=\u00bb|||\u00bb global_colors_info=\u00bb{}\u00bb custom_padding__hover=\u00bb|||\u00bb][et_pb_row_inner _builder_version=\u00bb4.16&#8243; global_colors_info=\u00bb{}\u00bb][et_pb_column_inner saved_specialty_column_type=\u00bb1_2&#8243; _builder_version=\u00bb4.16&#8243; custom_padding=\u00bb|||\u00bb global_colors_info=\u00bb{}\u00bb custom_padding__hover=\u00bb|||\u00bb][et_pb_text _builder_version=\u00bb4.24.0&#8243; text_font=\u00bb||||||||\u00bb header_font=\u00bb||||||||\u00bb header_2_font=\u00bbPlayfair Display|700|||||||\u00bb header_2_font_size=\u00bb28px\u00bb header_2_line_height=\u00bb1.5em\u00bb header_3_font=\u00bbRubik|500||on|||||\u00bb header_3_text_color=\u00bb#3F7EA6&#8243; header_3_font_size=\u00bb14px\u00bb header_3_letter_spacing=\u00bb2px\u00bb header_3_line_height=\u00bb2em\u00bb max_width=\u00bb700px\u00bb module_alignment=\u00bbcenter\u00bb text_font_size_tablet=\u00bb\u00bb text_font_size_phone=\u00bb14px\u00bb text_font_size_last_edited=\u00bbon|phone\u00bb header_2_font_size_tablet=\u00bb32px\u00bb header_2_font_size_phone=\u00bb22px\u00bb header_2_font_size_last_edited=\u00bbon|phone\u00bb locked=\u00bboff\u00bb global_colors_info=\u00bb{}\u00bb]<\/p>\n<h3>Comit\u00e9<\/h3>\n<h2>Grupo de Damas Lastavice<\/h2>\n<p>Comit\u00e9 de Damas de la colectividad Slava fue creado el a\u00f1o 1916 con el nombre de \u201cLa doncella de Kosovo\u201d y su fin era reunir fondos a trav\u00e9s de fiestas sociales, bazares, conciertos y kermeses para ayudar a diversas instituciones de la ciudad y que lleg\u00f3 a contar con 150 socias activas.<\/p>\n<p>A trav\u00e9s de los a\u00f1os, este comit\u00e9 se ha reorganizado en varias oportunidades; y en el a\u00f1o 1999, cambia su nombre a \u201cLastavice\u201d, que significa \u201cGolondrina\u201d<\/p>\n<p>En la actualidad, este comit\u00e9 esta formado por 5 damas en su directiva.<\/p>\n<p><strong>Presidente:<\/strong> Maryanyella Robles Arnerich<br \/><strong>Tesorera:<\/strong> Andrea Sepulveda Rosso<br \/><strong>Secretaria:<\/strong> Katica Yaksic Sierra<br \/><strong>Directora 1:<\/strong> Sandra Kalasic Araya<br \/><strong>Directora 2:<\/strong> Andrea Cuello Hidalgo<\/p>\n<p>[\/et_pb_text][et_pb_blurb title=\u00bblastavice@sociedadcroataantofagasta.cl\u00bb url=\u00bbmailto:lastavice@sociedadcroataantofagasta.cl%20@lastavice.afta\u00bb use_icon=\u00bbon\u00bb font_icon=\u00bb&#xf0e0;||fa||400&#8243; icon_color=\u00bb#BF863F\u00bb image_icon_background_color=\u00bbRGBA(255,255,255,0)\u00bb icon_placement=\u00bbleft\u00bb image_icon_width=\u00bb22px\u00bb _builder_version=\u00bb4.24.2&#8243; _module_preset=\u00bbdefault\u00bb header_font=\u00bbPT Sans||||on||||\u00bb header_text_color=\u00bb#BF863F\u00bb header_font_size=\u00bb15px\u00bb header_line_height=\u00bb1.2em\u00bb global_colors_info=\u00bb{}\u00bb header_text_color__hover_enabled=\u00bbon|hover\u00bb header_text_color__hover=\u00bb#cb9e65&#8243; icon_color__hover_enabled=\u00bbon|hover\u00bb icon_color__hover=\u00bb#cb9e65&#8243;][\/et_pb_blurb][\/et_pb_column_inner][\/et_pb_row_inner][\/et_pb_column][\/et_pb_section][et_pb_section fb_built=\u00bb1&#8243; specialty=\u00bbon\u00bb admin_label=\u00bbServices\u00bb _builder_version=\u00bb4.24.0&#8243; background_color=\u00bb#f7f9fa\u00bb global_colors_info=\u00bb{}\u00bb][et_pb_column type=\u00bb1_2&#8243; specialty_columns=\u00bb2&#8243; _builder_version=\u00bb4.16&#8243; custom_padding=\u00bb|||\u00bb global_colors_info=\u00bb{}\u00bb custom_padding__hover=\u00bb|||\u00bb][et_pb_row_inner _builder_version=\u00bb4.16&#8243; global_colors_info=\u00bb{}\u00bb][et_pb_column_inner saved_specialty_column_type=\u00bb1_2&#8243; _builder_version=\u00bb4.16&#8243; custom_padding=\u00bb|||\u00bb global_colors_info=\u00bb{}\u00bb custom_padding__hover=\u00bb|||\u00bb][et_pb_text _builder_version=\u00bb4.24.2&#8243; text_font=\u00bb||||||||\u00bb header_font=\u00bb||||||||\u00bb header_2_font=\u00bbPlayfair Display|700|||||||\u00bb header_2_font_size=\u00bb28px\u00bb header_2_line_height=\u00bb1.5em\u00bb header_3_font=\u00bbRubik|500||on|||||\u00bb header_3_text_color=\u00bb#3F7EA6&#8243; header_3_font_size=\u00bb14px\u00bb header_3_letter_spacing=\u00bb2px\u00bb header_3_line_height=\u00bb2em\u00bb max_width=\u00bb700px\u00bb module_alignment=\u00bbcenter\u00bb text_font_size_tablet=\u00bb\u00bb text_font_size_phone=\u00bb14px\u00bb text_font_size_last_edited=\u00bbon|phone\u00bb header_2_font_size_tablet=\u00bb32px\u00bb header_2_font_size_phone=\u00bb22px\u00bb header_2_font_size_last_edited=\u00bbon|phone\u00bb locked=\u00bboff\u00bb global_colors_info=\u00bb{}\u00bb]<\/p>\n<h3>Conjunto Folckl\u00f3rico<\/h3>\n<h2>Hrvatska Mladost<\/h2>\n<p>El conjunto folkl\u00f3rico adulto-juvenil de la sociedad croata de antofagasta, Hrvatska Mladost nace en el a\u00f1o 2012 bajo la inquietud de preservar y mostrar las tradiciones croatas en la regi\u00f3n y el pa\u00eds, empapando de la cultura a nuevos descendientes y amigos del pueblo croata.<br \/>\u2022 Septiembre 2012, Visita Club Croata de Porvenir.<br \/>\u2022 Septiembre 2012, Aniversario N\u00b0100 Estadio Sokol de Punta Arenas<br \/>\u2022 Noviembre 2013, Aniversario Rep\u00fablica de Croacia, Estadio Croata, Santiago.<br \/>\u2022 Julio 2013, Presentaci\u00f3n en Estadio Croata Stgo.<br \/>\u2022 Septiembre 2014, 1er Festival de Colectividades Extranjeras en Mejillones.<br \/>\u2022 Marzo 2015, Presentaci\u00f3n Casino Dreams Punta Arenas.<br \/>\u2022 Marzo 2015, Aniversario N\u00b0100 Club Croata de Punta Arenas.<br \/>\u2022 Octubre 2017, 5to encuentro de folclor croata, Santiago.<br \/>\u2022 Mayo 2022, Presentaci\u00f3n Estadio Croata Stgo.<br \/>\u2022 Mayo 2022 &#8211; Club Croata iquique &#8211; Apoyo Aniversario Republica de Croacia.<\/p>\n<p>[\/et_pb_text][et_pb_blurb title=\u00bbhrmladost@sociedadcroataantofagasta.cl\u00bb url=\u00bbmailto:hrmladost@sociedadcroataantofagasta.cl\u00bb use_icon=\u00bbon\u00bb font_icon=\u00bb&#xf0e0;||fa||400&#8243; icon_color=\u00bb#BF863F\u00bb image_icon_background_color=\u00bbRGBA(255,255,255,0)\u00bb icon_placement=\u00bbleft\u00bb image_icon_width=\u00bb22px\u00bb _builder_version=\u00bb4.24.2&#8243; _module_preset=\u00bbdefault\u00bb header_font=\u00bbPT Sans||||on||||\u00bb header_text_color=\u00bb#BF863F\u00bb header_font_size=\u00bb15px\u00bb header_line_height=\u00bb1.2em\u00bb global_colors_info=\u00bb{}\u00bb header_text_color__hover_enabled=\u00bbon|hover\u00bb header_text_color__hover=\u00bb#cb9e65&#8243; icon_color__hover_enabled=\u00bbon|hover\u00bb icon_color__hover=\u00bb#cb9e65&#8243;][\/et_pb_blurb][\/et_pb_column_inner][\/et_pb_row_inner][\/et_pb_column][et_pb_column type=\u00bb1_2&#8243; _builder_version=\u00bb4.16&#8243; custom_padding=\u00bb|||\u00bb global_colors_info=\u00bb{}\u00bb custom_padding__hover=\u00bb|||\u00bb][et_pb_image src=\u00bbhttps:\/\/sociedadcroataantofagasta.cl\/wp-content\/uploads\/2024\/02\/blue-brush.png\u00bb title_text=\u00bbblue-brush\u00bb align=\u00bbright\u00bb _builder_version=\u00bb4.24.2&#8243; _module_preset=\u00bbdefault\u00bb transform_scale_tablet=\u00bb\u00bb transform_scale_phone=\u00bb\u00bb transform_scale_last_edited=\u00bbon|desktop\u00bb transform_translate=\u00bb87px|-21px\u00bb transform_translate_tablet=\u00bb48px|-63px\u00bb transform_translate_phone=\u00bb37px|-89px\u00bb transform_translate_last_edited=\u00bbon|phone\u00bb transform_rotate_tablet=\u00bb\u00bb transform_rotate_phone=\u00bb\u00bb transform_rotate_last_edited=\u00bbon|desktop\u00bb transform_skew_tablet=\u00bb\u00bb transform_skew_phone=\u00bb\u00bb transform_skew_last_edited=\u00bbon|desktop\u00bb transform_origin_tablet=\u00bb\u00bb transform_origin_phone=\u00bb\u00bb transform_origin_last_edited=\u00bbon|desktop\u00bb transform_styles_last_edited=\u00bbon|phone\u00bb width=\u00bb44%\u00bb width_tablet=\u00bb30%\u00bb width_phone=\u00bb40%\u00bb width_last_edited=\u00bbon|tablet\u00bb custom_margin_tablet=\u00bb60px||||false|false\u00bb custom_margin_phone=\u00bb60px||||false|false\u00bb custom_margin_last_edited=\u00bbon|phone\u00bb transform_styles_tablet=\u00bb\u00bb transform_styles_phone=\u00bb\u00bb global_colors_info=\u00bb{}\u00bb][\/et_pb_image][et_pb_image src=\u00bbhttps:\/\/sociedadcroataantofagasta.cl\/wp-content\/uploads\/2024\/04\/agrupacion-grupomladost.jpg\u00bb alt=\u00bbAgrupaci\u00f3n Mladost\u00bb title_text=\u00bbAgrupaci\u00f3n Mladost\u00bb align=\u00bbcenter\u00bb _builder_version=\u00bb4.24.2&#8243; _module_preset=\u00bbdefault\u00bb transform_translate=\u00bb8px|-208px\u00bb width=\u00bb100%\u00bb global_colors_info=\u00bb{}\u00bb][\/et_pb_image][et_pb_image src=\u00bbhttps:\/\/sociedadcroataantofagasta.cl\/wp-content\/uploads\/2024\/02\/logo-mladost.png\u00bb alt=\u00bbLogo MLadost\u00bb title_text=\u00bbLogo MLadost\u00bb _builder_version=\u00bb4.24.2&#8243; _module_preset=\u00bbdefault\u00bb transform_scale_tablet=\u00bb\u00bb transform_scale_phone=\u00bb\u00bb transform_scale_last_edited=\u00bbon|phone\u00bb transform_translate=\u00bb-50px|-318px\u00bb transform_translate_tablet=\u00bb-50px|-318px\u00bb transform_translate_phone=\u00bb-24px|-306px\u00bb transform_translate_last_edited=\u00bbon|phone\u00bb transform_translate_linked=\u00bboff\u00bb transform_rotate_tablet=\u00bb\u00bb transform_rotate_phone=\u00bb\u00bb transform_rotate_last_edited=\u00bbon|phone\u00bb transform_skew_tablet=\u00bb\u00bb transform_skew_phone=\u00bb\u00bb transform_skew_last_edited=\u00bbon|phone\u00bb transform_origin_tablet=\u00bb\u00bb transform_origin_phone=\u00bb\u00bb transform_origin_last_edited=\u00bbon|phone\u00bb transform_styles_last_edited=\u00bbon|phone\u00bb width=\u00bb30%\u00bb width_tablet=\u00bb24%\u00bb width_phone=\u00bb40%\u00bb width_last_edited=\u00bbon|phone\u00bb custom_margin=\u00bb||-200px||false|false\u00bb custom_margin_tablet=\u00bb||-260px||false|false\u00bb custom_margin_phone=\u00bb||-300px||false|false\u00bb custom_margin_last_edited=\u00bbon|tablet\u00bb transform_styles_tablet=\u00bb\u00bb transform_styles_phone=\u00bb\u00bb global_colors_info=\u00bb{}\u00bb][\/et_pb_image][\/et_pb_column][\/et_pb_section][et_pb_section fb_built=\u00bb1&#8243; specialty=\u00bbon\u00bb admin_label=\u00bbServices\u00bb _builder_version=\u00bb4.16&#8243; global_colors_info=\u00bb{}\u00bb][et_pb_column type=\u00bb1_2&#8243; specialty_columns=\u00bb2&#8243; _builder_version=\u00bb4.16&#8243; custom_padding=\u00bb|||\u00bb global_colors_info=\u00bb{}\u00bb custom_padding__hover=\u00bb|||\u00bb][et_pb_row_inner _builder_version=\u00bb4.24.0&#8243; custom_margin=\u00bb0px||||false|false\u00bb custom_padding=\u00bb0px||||false|false\u00bb global_colors_info=\u00bb{}\u00bb][et_pb_column_inner saved_specialty_column_type=\u00bb1_2&#8243; _builder_version=\u00bb4.16&#8243; custom_padding=\u00bb|||\u00bb global_colors_info=\u00bb{}\u00bb custom_padding__hover=\u00bb|||\u00bb][et_pb_image src=\u00bbhttps:\/\/sociedadcroataantofagasta.cl\/wp-content\/uploads\/2024\/02\/red-brush.png\u00bb title_text=\u00bbred-brush\u00bb _builder_version=\u00bb4.24.2&#8243; _module_preset=\u00bbdefault\u00bb transform_translate=\u00bb-51px|-42px\u00bb width=\u00bb40%\u00bb width_tablet=\u00bb34%\u00bb width_phone=\u00bb50%\u00bb width_last_edited=\u00bbon|tablet\u00bb global_colors_info=\u00bb{}\u00bb][\/et_pb_image][et_pb_image src=\u00bbhttps:\/\/sociedadcroataantofagasta.cl\/wp-content\/uploads\/2024\/04\/agrupacion-zvoncici.jpg\u00bb title_text=\u00bbagrupacion-zvoncici\u00bb align=\u00bbcenter\u00bb _builder_version=\u00bb4.24.2&#8243; _module_preset=\u00bbdefault\u00bb transform_translate=\u00bb0px|-220px\u00bb transform_translate_linked=\u00bboff\u00bb width=\u00bb100%\u00bb custom_margin=\u00bb0px||||false|false\u00bb custom_padding=\u00bb0px||||false|false\u00bb global_colors_info=\u00bb{}\u00bb][\/et_pb_image][et_pb_image src=\u00bbhttps:\/\/sociedadcroataantofagasta.cl\/wp-content\/uploads\/2024\/02\/logo_zvoncici.png\u00bb alt=\u00bbLogo Zvoncici\u00bb title_text=\u00bbLogo Zvoncici\u00bb align=\u00bbright\u00bb _builder_version=\u00bb4.24.2&#8243; _module_preset=\u00bbdefault\u00bb transform_translate=\u00bb36px|-330px\u00bb width=\u00bb30%\u00bb width_tablet=\u00bb32%\u00bb width_phone=\u00bb42%\u00bb width_last_edited=\u00bbon|tablet\u00bb custom_margin=\u00bb||-160px||false|false\u00bb custom_margin_tablet=\u00bb||-300px||false|false\u00bb custom_margin_phone=\u00bb||-360px||false|false\u00bb custom_margin_last_edited=\u00bbon|phone\u00bb global_colors_info=\u00bb{}\u00bb][\/et_pb_image][\/et_pb_column_inner][\/et_pb_row_inner][\/et_pb_column][et_pb_column type=\u00bb1_2&#8243; _builder_version=\u00bb4.16&#8243; custom_padding=\u00bb|||\u00bb global_colors_info=\u00bb{}\u00bb custom_padding__hover=\u00bb|||\u00bb][et_pb_text _builder_version=\u00bb4.24.2&#8243; text_font=\u00bb||||||||\u00bb header_font=\u00bb||||||||\u00bb header_2_font=\u00bbPlayfair Display|700|||||||\u00bb header_2_font_size=\u00bb28px\u00bb header_2_line_height=\u00bb1.5em\u00bb header_3_font=\u00bbRubik|500||on|||||\u00bb header_3_text_color=\u00bb#3F7EA6&#8243; header_3_font_size=\u00bb14px\u00bb header_3_letter_spacing=\u00bb2px\u00bb header_3_line_height=\u00bb2em\u00bb max_width=\u00bb700px\u00bb module_alignment=\u00bbcenter\u00bb text_font_size_tablet=\u00bb\u00bb text_font_size_phone=\u00bb14px\u00bb text_font_size_last_edited=\u00bbon|phone\u00bb header_2_font_size_tablet=\u00bb32px\u00bb header_2_font_size_phone=\u00bb22px\u00bb header_2_font_size_last_edited=\u00bbon|phone\u00bb locked=\u00bboff\u00bb global_colors_info=\u00bb{}\u00bb]<\/p>\n<h3>Conjunto Folckl\u00f3rico<\/h3>\n<h2>Zvoncici<\/h2>\n<p>Conjunto folcl\u00f3rico Infantil fundado en el a\u00f1o 1989 bajo el alero de la Sociedad Croata de Antofagasta, y liderado por la Sra. Ivania Mladineo junto a los integrantes del grupo de folclor croata de la \u00e9poca, Daleki Akordi.<br \/>En los a\u00f1os siguientes fue liderado por varios miembros de nuestra comunidad. En la actualidad y desde el a\u00f1o 2016 Lidera el grupo Zvon\u010di\u0107i la Sra. Maryanyella Robles Arnerich.<br \/>Bajo el lema \u00abLa sangre nos une&#8230; El folclore nos mueve\u201d, \u201cZvon\u010di\u0107i\u00bb fomenta la conexi\u00f3n entre sus miembros y preserva nuestra cultura y herencia croata en las nuevas generaciones!<br \/>Zvon\u010di\u0107i que significa campanitas, es el semillero de las tradiciones y costumbres croatas, las que son inculcadas en los ni\u00f1os desde muy peque\u00f1os, los que van avanzando de grupo en grupo de acuerdo con su edad. Este grupo est\u00e1 compuesto por ni\u00f1os de 5 a 12 a\u00f1os.<br \/>Zvon\u010di\u0107i, se re\u00fane todos los s\u00e1bados de 11:00 a 13:00 en dependencias de nuestra sociedad, los invitamos a vivir esta experiencia junto a nosotros.<\/p>\n<p>[\/et_pb_text][et_pb_blurb title=\u00bbzvoncici@sociedadcroataantofagasta.cl\u00bb url=\u00bbmailto:zvoncici@sociedadcroataantofagasta.cl\u00bb use_icon=\u00bbon\u00bb font_icon=\u00bb&#xf0e0;||fa||400&#8243; icon_color=\u00bb#BF863F\u00bb image_icon_background_color=\u00bbRGBA(255,255,255,0)\u00bb icon_placement=\u00bbleft\u00bb image_icon_width=\u00bb22px\u00bb _builder_version=\u00bb4.24.2&#8243; _module_preset=\u00bbdefault\u00bb header_font=\u00bbPT Sans||||on||||\u00bb header_text_color=\u00bb#BF863F\u00bb header_font_size=\u00bb15px\u00bb header_line_height=\u00bb1.2em\u00bb global_colors_info=\u00bb{}\u00bb header_text_color__hover_enabled=\u00bbon|hover\u00bb header_text_color__hover=\u00bb#cb9e65&#8243; icon_color__hover_enabled=\u00bbon|hover\u00bb icon_color__hover=\u00bb#cb9e65&#8243;][\/et_pb_blurb][\/et_pb_column][\/et_pb_section]<\/p>\n","protected":false},"excerpt":{"rendered":"<p>Nuestras AgrupacionesComit\u00e9 Grupo de Damas Lastavice Comit\u00e9 de Damas de la colectividad Slava fue creado el a\u00f1o 1916 con el nombre de \u201cLa doncella de Kosovo\u201d y su fin era reunir fondos a trav\u00e9s de fiestas sociales, bazares, conciertos y kermeses para ayudar a diversas instituciones de la ciudad y que lleg\u00f3 a contar con [&hellip;]<\/p>\n","protected":false},"author":1,"featured_media":0,"parent":0,"menu_order":0,"comment_status":"closed","ping_status":"closed","template":"","meta":{"_et_pb_use_builder":"on","_et_pb_old_content":"<!-- wp:divi\/placeholder \/-->","_et_gb_content_width":"","footnotes":""},"class_list":["post-101","page","type-page","status-publish","hentry"],"yoast_head":"<!-- This site is optimized with the Yoast SEO plugin v22.3 - https:\/\/yoast.com\/wordpress\/plugins\/seo\/ -->\n<title>Agrupaciones - Sociedad Croata Antofagasta<\/title>\n<meta name=\"robots\" content=\"index, follow, max-snippet:-1, max-image-preview:large, max-video-preview:-1\" \/>\n<link rel=\"canonical\" href=\"https:\/\/sociedadcroataantofagasta.cl\/index.php\/agrupaciones\/\" \/>\n<meta property=\"og:locale\" content=\"es_ES\" \/>\n<meta property=\"og:type\" content=\"article\" \/>\n<meta property=\"og:title\" content=\"Agrupaciones - Sociedad Croata Antofagasta\" \/>\n<meta property=\"og:description\" content=\"Nuestras AgrupacionesComit\u00e9 Grupo de Damas Lastavice Comit\u00e9 de Damas de la colectividad Slava fue creado el a\u00f1o 1916 con el nombre de \u201cLa doncella de Kosovo\u201d y su fin era reunir fondos a trav\u00e9s de fiestas sociales, bazares, conciertos y kermeses para ayudar a diversas instituciones de la ciudad y que lleg\u00f3 a contar con [&hellip;]\" \/>\n<meta property=\"og:url\" content=\"https:\/\/sociedadcroataantofagasta.cl\/index.php\/agrupaciones\/\" \/>\n<meta property=\"og:site_name\" content=\"Sociedad Croata Antofagasta\" \/>\n<meta property=\"article:modified_time\" content=\"2024-04-11T22:26:00+00:00\" \/>\n<meta name=\"twitter:card\" content=\"summary_large_image\" \/>\n<script type=\"application\/ld+json\" class=\"yoast-schema-graph\">{\"@context\":\"https:\/\/schema.org\",\"@graph\":[{\"@type\":\"WebPage\",\"@id\":\"https:\/\/sociedadcroataantofagasta.cl\/index.php\/agrupaciones\/\",\"url\":\"https:\/\/sociedadcroataantofagasta.cl\/index.php\/agrupaciones\/\",\"name\":\"Agrupaciones - Sociedad Croata Antofagasta\",\"isPartOf\":{\"@id\":\"https:\/\/sociedadcroataantofagasta.cl\/#website\"},\"datePublished\":\"2024-02-14T14:35:52+00:00\",\"dateModified\":\"2024-04-11T22:26:00+00:00\",\"inLanguage\":\"es\",\"potentialAction\":[{\"@type\":\"ReadAction\",\"target\":[\"https:\/\/sociedadcroataantofagasta.cl\/index.php\/agrupaciones\/\"]}]},{\"@type\":\"WebSite\",\"@id\":\"https:\/\/sociedadcroataantofagasta.cl\/#website\",\"url\":\"https:\/\/sociedadcroataantofagasta.cl\/\",\"name\":\"Sociedad Croata Antofagasta\",\"description\":\"Preservaci\u00f3n de las costumbres, tradiciones y cultura Croata\",\"potentialAction\":[{\"@type\":\"SearchAction\",\"target\":{\"@type\":\"EntryPoint\",\"urlTemplate\":\"https:\/\/sociedadcroataantofagasta.cl\/?s={search_term_string}\"},\"query-input\":\"required name=search_term_string\"}],\"inLanguage\":\"es\"}]}<\/script>\n<!-- \/ Yoast SEO plugin. -->","yoast_head_json":{"title":"Agrupaciones - Sociedad Croata Antofagasta","robots":{"index":"index","follow":"follow","max-snippet":"max-snippet:-1","max-image-preview":"max-image-preview:large","max-video-preview":"max-video-preview:-1"},"canonical":"https:\/\/sociedadcroataantofagasta.cl\/index.php\/agrupaciones\/","og_locale":"es_ES","og_type":"article","og_title":"Agrupaciones - Sociedad Croata Antofagasta","og_description":"Nuestras AgrupacionesComit\u00e9 Grupo de Damas Lastavice Comit\u00e9 de Damas de la colectividad Slava fue creado el a\u00f1o 1916 con el nombre de \u201cLa doncella de Kosovo\u201d y su fin era reunir fondos a trav\u00e9s de fiestas sociales, bazares, conciertos y kermeses para ayudar a diversas instituciones de la ciudad y que lleg\u00f3 a contar con [&hellip;]","og_url":"https:\/\/sociedadcroataantofagasta.cl\/index.php\/agrupaciones\/","og_site_name":"Sociedad Croata Antofagasta","article_modified_time":"2024-04-11T22:26:00+00:00","twitter_card":"summary_large_image","schema":{"@context":"https:\/\/schema.org","@graph":[{"@type":"WebPage","@id":"https:\/\/sociedadcroataantofagasta.cl\/index.php\/agrupaciones\/","url":"https:\/\/sociedadcroataantofagasta.cl\/index.php\/agrupaciones\/","name":"Agrupaciones - Sociedad Croata Antofagasta","isPartOf":{"@id":"https:\/\/sociedadcroataantofagasta.cl\/#website"},"datePublished":"2024-02-14T14:35:52+00:00","dateModified":"2024-04-11T22:26:00+00:00","inLanguage":"es","potentialAction":[{"@type":"ReadAction","target":["https:\/\/sociedadcroataantofagasta.cl\/index.php\/agrupaciones\/"]}]},{"@type":"WebSite","@id":"https:\/\/sociedadcroataantofagasta.cl\/#website","url":"https:\/\/sociedadcroataantofagasta.cl\/","name":"Sociedad Croata Antofagasta","description":"Preservaci\u00f3n de las costumbres, tradiciones y cultura Croata","potentialAction":[{"@type":"SearchAction","target":{"@type":"EntryPoint","urlTemplate":"https:\/\/sociedadcroataantofagasta.cl\/?s={search_term_string}"},"query-input":"required name=search_term_string"}],"inLanguage":"es"}]}},"_links":{"self":[{"href":"https:\/\/sociedadcroataantofagasta.cl\/index.php\/wp-json\/wp\/v2\/pages\/101","targetHints":{"allow":["GET"]}}],"collection":[{"href":"https:\/\/sociedadcroataantofagasta.cl\/index.php\/wp-json\/wp\/v2\/pages"}],"about":[{"href":"https:\/\/sociedadcroataantofagasta.cl\/index.php\/wp-json\/wp\/v2\/types\/page"}],"author":[{"embeddable":true,"href":"https:\/\/sociedadcroataantofagasta.cl\/index.php\/wp-json\/wp\/v2\/users\/1"}],"replies":[{"embeddable":true,"href":"https:\/\/sociedadcroataantofagasta.cl\/index.php\/wp-json\/wp\/v2\/comments?post=101"}],"version-history":[{"count":39,"href":"https:\/\/sociedadcroataantofagasta.cl\/index.php\/wp-json\/wp\/v2\/pages\/101\/revisions"}],"predecessor-version":[{"id":665,"href":"https:\/\/sociedadcroataantofagasta.cl\/index.php\/wp-json\/wp\/v2\/pages\/101\/revisions\/665"}],"wp:attachment":[{"href":"https:\/\/sociedadcroataantofagasta.cl\/index.php\/wp-json\/wp\/v2\/media?parent=101"}],"curies":[{"name":"wp","href":"https:\/\/api.w.org\/{rel}","templated":true}]}}